{"id":641,"date":"2025-08-13T17:35:39","date_gmt":"2025-08-13T20:35:39","guid":{"rendered":"http:\/\/akieletronicos.com.br\/home\/?page_id=641"},"modified":"2026-04-01T18:27:55","modified_gmt":"2026-04-01T21:27:55","slug":"redminote14proplus-512","status":"publish","type":"page","link":"https:\/\/akieletronicos.com.br\/home\/redminote14proplus-512\/","title":{"rendered":"redminote15proplus512"},"content":{"rendered":"\t\t<div data-elementor-type=\"wp-page\" data-elementor-id=\"641\" class=\"elementor elementor-641\">\n\t\t\t\t<div class=\"elementor-element elementor-element-9fef086 e-con-full e-flex e-con e-child\" data-id=\"9fef086\" data-element_type=\"container\">\n\t\t\t\t<div class=\"elementor-element elementor-element-e768d9a elementor-widget elementor-widget-heading\" data-id=\"e768d9a\" data-element_type=\"widget\" data-widget_type=\"heading.default\">\n\t\t\t\t\t<h2 class=\"elementor-heading-title elementor-size-default\">Redmi Note 14 Pro Plus 5G <\/h2>\t\t\t\t<\/div>\n\t\t<div class=\"elementor-element elementor-element-186da79 e-con-full e-flex e-con e-child\" data-id=\"186da79\" data-element_type=\"container\">\n\t\t<div class=\"elementor-element elementor-element-4b7146b e-con-full e-flex e-con e-child\" data-id=\"4b7146b\" data-element_type=\"container\">\n\t\t\t\t<div class=\"elementor-element elementor-element-f97af3f elementor-widget elementor-widget-image\" data-id=\"f97af3f\" data-element_type=\"widget\" data-widget_type=\"image.default\">\n\t\t\t\t\t\t\t\t\t\t\t\t\t\t\t<img fetchpriority=\"high\" decoding=\"async\" width=\"255\" height=\"300\" src=\"https:\/\/akieletronicos.com.br\/wp-content\/uploads\/2025\/08\/Captura-de-Tela-2025-08-02-as-09.33.44-255x300.png\" class=\"attachment-medium size-medium wp-image-630\" alt=\"\" srcset=\"https:\/\/akieletronicos.com.br\/wp-content\/uploads\/2025\/08\/Captura-de-Tela-2025-08-02-as-09.33.44-255x300.png 255w, https:\/\/akieletronicos.com.br\/wp-content\/uploads\/2025\/08\/Captura-de-Tela-2025-08-02-as-09.33.44.png 529w\" sizes=\"(max-width: 255px) 100vw, 255px\" \/>\t\t\t\t\t\t\t\t\t\t\t\t\t\t\t<\/div>\n\t\t\t\t<\/div>\n\t\t\t\t<div class=\"elementor-element elementor-element-8610cc5 elementor-widget__width-initial elementor-widget elementor-widget-text-editor\" data-id=\"8610cc5\" data-element_type=\"widget\" data-widget_type=\"text-editor.default\">\n\t\t\t\t\t\t\t\t\t<h3><span style=\"color: #000000;\">Descri\u00e7\u00e3o T\u00e9cnica:<\/span><\/h3><p><strong>Redmi Note 14 Pr\u00f3 Plus 5G <\/strong><\/p><p>512GB de armazenamento<br \/>Memoria RAM: 12GB<\/p><p>Verificar disponibilidade de cores<\/p><p><strong>R$2599,00 no pix ou 12x de 245,00 no cart\u00e3o de credito\u00a0<\/strong><\/p>\t\t\t\t\t\t\t\t<\/div>\n\t\t\t\t<div class=\"elementor-element elementor-element-a47f5ac elementor-widget__width-initial elementor-widget elementor-widget-text-editor\" data-id=\"a47f5ac\" data-element_type=\"widget\" data-widget_type=\"text-editor.default\">\n\t\t\t\t\t\t\t\t\t<h3>Chip\u00a0<\/h3><p data-pm-slice=\"1 1 []\">Processador Snapdragon 7s Gen 3 (4 nm), GPU Adreno 710<\/p><p>Tela 6,67\u2033 AMOLED 1.5K, 120 Hz, at\u00e9 3000 nits, Gorilla Glass Victus 2<\/p><p>C\u00e2meras Traseira 200 MP (OIS) + 8 MP + 2 MP, grava\u00e7\u00e3o 4K<\/p><p>C\u00e2mera Frontal 20 MP, grava\u00e7\u00e3o 1080p at\u00e9 60 fps<\/p><p>Bateria 5110 mAh, carregamento r\u00e1pido de 120 W<\/p><p>Conectividade 5G, Wi-Fi 6E, NFC, IR, USB-C, Dual SIM\/eSIM<\/p>\t\t\t\t\t\t\t\t<\/div>\n\t\t\t\t<\/div>\n\t\t\t\t<\/div>\n\t\t<div class=\"elementor-element elementor-element-c5a6689 e-grid e-con-boxed e-con e-parent\" data-id=\"c5a6689\" data-element_type=\"container\">\n\t\t\t\t\t<div class=\"e-con-inner\">\n\t\t<div class=\"elementor-element elementor-element-07f1883 e-con-full e-flex e-con e-child\" data-id=\"07f1883\" data-element_type=\"container\">\n\t\t\t\t<div class=\"elementor-element elementor-element-9715686 elementor-widget elementor-widget-text-editor\" data-id=\"9715686\" data-element_type=\"widget\" data-widget_type=\"text-editor.default\">\n\t\t\t\t\t\t\t\t\t<h3>Especifica\u00e7\u00f5es<\/h3><h2 data-start=\"120\" data-end=\"146\">Especifica\u00e7\u00f5es T\u00e9cnicas<\/h2><h3 data-start=\"148\" data-end=\"184\">Lan\u00e7amento &amp; Sistema Operacional<\/h3><ul data-start=\"185\" data-end=\"307\"><li data-start=\"185\" data-end=\"214\"><p data-start=\"187\" data-end=\"214\">Lan\u00e7ado no final de 2024.<\/p><\/li><li data-start=\"215\" data-end=\"307\"><p data-start=\"217\" data-end=\"307\">Sistema <strong data-start=\"225\" data-end=\"239\">Android 14<\/strong> com interface <strong data-start=\"254\" data-end=\"265\">HyperOS<\/strong> e promessa de at\u00e9 3 grandes atualiza\u00e7\u00f5es.<\/p><\/li><\/ul><h3 data-start=\"309\" data-end=\"342\">Processamento &amp; Armazenamento<\/h3><ul data-start=\"343\" data-end=\"536\"><li data-start=\"343\" data-end=\"446\"><p data-start=\"345\" data-end=\"446\">Processador <strong data-start=\"357\" data-end=\"389\">Qualcomm Snapdragon 7s Gen 3<\/strong> (4 nm), CPU octa-core at\u00e9 2,5 GHz, GPU <strong data-start=\"429\" data-end=\"443\">Adreno 710<\/strong>.<\/p><\/li><li data-start=\"447\" data-end=\"536\"><p data-start=\"449\" data-end=\"536\"><strong data-start=\"449\" data-end=\"465\">12 GB de RAM<\/strong> e <strong data-start=\"468\" data-end=\"511\">512 GB de armazenamento interno UFS 2.2<\/strong> (sem suporte a microSD).<\/p><\/li><\/ul><h3 data-start=\"538\" data-end=\"546\">Tela<\/h3><ul data-start=\"547\" data-end=\"802\"><li data-start=\"547\" data-end=\"627\"><p data-start=\"549\" data-end=\"627\"><strong data-start=\"549\" data-end=\"568\">AMOLED de 6,67\u2033<\/strong>, resolu\u00e7\u00e3o 2712\u00d71220 (\u22481,5K), ~446 ppi, propor\u00e7\u00e3o ~20:9.<\/p><\/li><li data-start=\"628\" data-end=\"763\"><p data-start=\"630\" data-end=\"763\">Taxa de atualiza\u00e7\u00e3o de <strong data-start=\"653\" data-end=\"663\">120 Hz<\/strong>, brilho m\u00e1ximo de <strong data-start=\"682\" data-end=\"695\">3000 nits<\/strong>, suporte a <strong data-start=\"707\" data-end=\"723\">Dolby Vision<\/strong>, <strong data-start=\"725\" data-end=\"735\">HDR10+<\/strong>, 12 bits, PWM de 1920 Hz.<\/p><\/li><li data-start=\"764\" data-end=\"802\"><p data-start=\"766\" data-end=\"802\">Prote\u00e7\u00e3o <strong data-start=\"775\" data-end=\"801\">Gorilla Glass Victus 2<\/strong>.<\/p><\/li><\/ul><h3 data-start=\"804\" data-end=\"815\">C\u00e2meras<\/h3><ul data-start=\"816\" data-end=\"1081\"><li data-start=\"816\" data-end=\"941\"><p data-start=\"818\" data-end=\"836\">Traseira tripla:<\/p><ul data-start=\"839\" data-end=\"941\"><li data-start=\"839\" data-end=\"890\"><p data-start=\"841\" data-end=\"890\">Principal: <strong data-start=\"852\" data-end=\"862\">200 MP<\/strong> com OIS (1\/1.4\u201d, f\/1.65),<\/p><\/li><li data-start=\"893\" data-end=\"918\"><p data-start=\"895\" data-end=\"918\">Ultra-wide: <strong data-start=\"907\" data-end=\"915\">8 MP<\/strong>,<\/p><\/li><li data-start=\"921\" data-end=\"941\"><p data-start=\"923\" data-end=\"941\">Macro: <strong data-start=\"930\" data-end=\"938\">2 MP<\/strong>.<\/p><\/li><\/ul><\/li><li data-start=\"942\" data-end=\"1025\"><p data-start=\"944\" data-end=\"1025\">V\u00eddeo traseiro: at\u00e9 <strong data-start=\"964\" data-end=\"979\">4K a 30 fps<\/strong>, modos de c\u00e2mera lenta at\u00e9 240 fps em 720p.<\/p><\/li><li data-start=\"1026\" data-end=\"1081\"><p data-start=\"1028\" data-end=\"1081\">Frontal: <strong data-start=\"1037\" data-end=\"1046\">20 MP<\/strong>, com v\u00eddeo at\u00e9 <strong data-start=\"1062\" data-end=\"1080\">1080p a 60 fps<\/strong>.<\/p><\/li><\/ul><h3 data-start=\"1083\" data-end=\"1109\">Bateria &amp; Carregamento<\/h3><ul data-start=\"1110\" data-end=\"1208\"><li data-start=\"1110\" data-end=\"1163\"><p data-start=\"1112\" data-end=\"1163\"><strong data-start=\"1112\" data-end=\"1124\">5110 mAh<\/strong> (em algumas variantes at\u00e9 6200 mAh).<\/p><\/li><li data-start=\"1164\" data-end=\"1208\"><p data-start=\"1166\" data-end=\"1208\">Carregamento r\u00e1pido <strong data-start=\"1186\" data-end=\"1207\">120 W HyperCharge<\/strong>.<\/p><\/li><\/ul><h3 data-start=\"1210\" data-end=\"1235\">Conectividade &amp; \u00c1udio<\/h3><ul data-start=\"1236\" data-end=\"1383\"><li data-start=\"1236\" data-end=\"1358\"><p data-start=\"1238\" data-end=\"1358\"><strong data-start=\"1238\" data-end=\"1250\">Dual SIM<\/strong> (nano SIM ou eSIM), suporte a <strong data-start=\"1281\" data-end=\"1287\">5G<\/strong>, <strong data-start=\"1289\" data-end=\"1301\">Wi-Fi 6E<\/strong>, <strong data-start=\"1303\" data-end=\"1320\">Bluetooth 5.4<\/strong>, NFC, infravermelho, USB-C com OTG.<\/p><\/li><li data-start=\"1359\" data-end=\"1383\"><p data-start=\"1361\" data-end=\"1383\">Alto-falantes est\u00e9reo.<\/p><\/li><\/ul><h3 data-start=\"1385\" data-end=\"1410\">Sensores &amp; Constru\u00e7\u00e3o<\/h3><ul data-start=\"1411\" data-end=\"1615\"><li data-start=\"1411\" data-end=\"1499\"><p data-start=\"1413\" data-end=\"1499\">Impress\u00e3o digital \u00f3ptica sob a tela, aceler\u00f4metro, girosc\u00f3pio, proximidade, b\u00fassola.<\/p><\/li><li data-start=\"1500\" data-end=\"1561\"><p data-start=\"1502\" data-end=\"1561\">Estrutura em alum\u00ednio, traseira em vidro ou couro vegano.<\/p><\/li><li data-start=\"1562\" data-end=\"1615\"><p data-start=\"1564\" data-end=\"1615\">Certifica\u00e7\u00e3o <strong data-start=\"1577\" data-end=\"1585\">IP68<\/strong> (resistente \u00e0 \u00e1gua e poeira).<\/p><\/li><\/ul><h3 data-start=\"1617\" data-end=\"1637\">Dimens\u00f5es &amp; Peso<\/h3><ul data-start=\"1638\" data-end=\"1694\"><li data-start=\"1638\" data-end=\"1694\"><p data-start=\"1640\" data-end=\"1694\"><strong data-start=\"1640\" data-end=\"1665\">162,5 \u00d7 74,7 \u00d7 8,8 mm<\/strong>, peso em torno de <strong data-start=\"1684\" data-end=\"1693\">210 g<\/strong>.<\/p><\/li><\/ul>\t\t\t\t\t\t\t\t<\/div>\n\t\t\t\t<div class=\"elementor-element elementor-element-b5dc308 elementor-button-align-stretch elementor-widget elementor-widget-form\" data-id=\"b5dc308\" data-element_type=\"widget\" data-settings=\"{&quot;step_next_label&quot;:&quot;Next&quot;,&quot;step_previous_label&quot;:&quot;Previous&quot;,&quot;button_width&quot;:&quot;100&quot;,&quot;step_type&quot;:&quot;number_text&quot;,&quot;step_icon_shape&quot;:&quot;circle&quot;}\" data-widget_type=\"form.default\">\n\t\t\t\t<div class=\"elementor-widget-container\">\n\t\t\t\t\t\t\t<form class=\"elementor-form\" method=\"post\" name=\"New Form\">\n\t\t\t<input type=\"hidden\" name=\"post_id\" value=\"641\"\/>\n\t\t\t<input type=\"hidden\" name=\"form_id\" value=\"b5dc308\"\/>\n\t\t\t<input type=\"hidden\" name=\"referer_title\" value=\"\" \/>\n\n\t\t\t\n\t\t\t<div class=\"elementor-form-fields-wrapper elementor-labels-above\">\n\t\t\t\t\t\t\t\t<div class=\"elementor-field-type-text elementor-field-group elementor-column elementor-field-group-field_7be850e elementor-col-100\">\n\t\t\t\t\t\t\t\t\t\t\t\t<label for=\"form-field-field_7be850e\" class=\"elementor-field-label\">\n\t\t\t\t\t\t\t\tNome\t\t\t\t\t\t\t<\/label>\n\t\t\t\t\t\t\t\t\t\t\t\t\t\t<input size=\"1\" type=\"text\" name=\"form_fields[field_7be850e]\" id=\"form-field-field_7be850e\" class=\"elementor-field elementor-size-sm  elementor-field-textual\" placeholder=\"Nome\">\n\t\t\t\t\t\t\t\t\t\t\t<\/div>\n\t\t\t\t\t\t\t\t<div class=\"elementor-field-type-email elementor-field-group elementor-column elementor-field-group-email elementor-col-100 elementor-field-required\">\n\t\t\t\t\t\t\t\t\t\t\t\t<label for=\"form-field-email\" class=\"elementor-field-label\">\n\t\t\t\t\t\t\t\tEmail\t\t\t\t\t\t\t<\/label>\n\t\t\t\t\t\t\t\t\t\t\t\t\t\t<input size=\"1\" type=\"email\" name=\"form_fields[email]\" id=\"form-field-email\" class=\"elementor-field elementor-size-sm  elementor-field-textual\" placeholder=\"Email\" required=\"required\" aria-required=\"true\">\n\t\t\t\t\t\t\t\t\t\t\t<\/div>\n\t\t\t\t\t\t\t\t<div class=\"elementor-field-type-textarea elementor-field-group elementor-column elementor-field-group-message elementor-col-100\">\n\t\t\t\t\t\t\t\t\t\t\t\t<label for=\"form-field-message\" class=\"elementor-field-label\">\n\t\t\t\t\t\t\t\tMensagem\t\t\t\t\t\t\t<\/label>\n\t\t\t\t\t\t<textarea class=\"elementor-field-textual elementor-field  elementor-size-sm\" name=\"form_fields[message]\" id=\"form-field-message\" rows=\"4\" placeholder=\"Mensagem\"><\/textarea>\t\t\t\t<\/div>\n\t\t\t\t\t\t\t\t<div class=\"elementor-field-group elementor-column elementor-field-type-submit elementor-col-100 e-form__buttons\">\n\t\t\t\t\t<button type=\"submit\" class=\"elementor-button elementor-size-sm\">\n\t\t\t\t\t\t<span >\n\t\t\t\t\t\t\t\t\t\t\t\t\t\t\t<span class=\" elementor-button-icon\">\n\t\t\t\t\t\t\t\t\t\t\t\t\t\t\t\t\t\t\t\t\t\t\t\t\t\t<\/span>\n\t\t\t\t\t\t\t\t\t\t\t\t\t\t\t\t\t\t\t\t\t\t<span class=\"elementor-button-text\">Enviar<\/span>\n\t\t\t\t\t\t\t\t\t\t\t\t\t<\/span>\n\t\t\t\t\t<\/button>\n\t\t\t\t<\/div>\n\t\t\t<\/div>\n\t\t<\/form>\n\t\t\t\t\t\t<\/div>\n\t\t\t\t<\/div>\n\t\t\t\t<\/div>\n\t\t\t\t\t<\/div>\n\t\t\t\t<\/div>\n\t\t\t\t<\/div>\n\t\t","protected":false},"excerpt":{"rendered":"<p>Redmi Note 14 Pro Plus 5G Descri\u00e7\u00e3o T\u00e9cnica: Redmi Note 14 Pr\u00f3 Plus 5G 512GB de armazenamentoMemoria RAM: 12GB Verificar [&hellip;]<\/p>\n","protected":false},"author":1,"featured_media":0,"parent":0,"menu_order":0,"comment_status":"closed","ping_status":"closed","template":"","meta":{"site-sidebar-layout":"no-sidebar","site-content-layout":"","ast-site-content-layout":"full-width-container","site-content-style":"default","site-sidebar-style":"default","ast-global-header-display":"","ast-banner-title-visibility":"","ast-main-header-display":"","ast-hfb-above-header-display":"","ast-hfb-below-header-display":"","ast-hfb-mobile-header-display":"","site-post-title":"disabled","ast-breadcrumbs-content":"","ast-featured-img":"disabled","footer-sml-layout":"","theme-transparent-header-meta":"","adv-header-id-meta":"","stick-header-meta":"","header-above-stick-meta":"","header-main-stick-meta":"","header-below-stick-meta":"","astra-migrate-meta-layouts":"default","ast-page-background-enabled":"default","ast-page-background-meta":{"desktop":{"background-color":"var(--ast-global-color-5)","background-image":"","background-repeat":"repeat","background-position":"center center","background-size":"auto","background-attachment":"scroll","background-type":"","background-media":"","overlay-type":"","overlay-color":"","overlay-opacity":"","overlay-gradient":""},"tablet":{"background-color":"","background-image":"","background-repeat":"repeat","background-position":"center center","background-size":"auto","background-attachment":"scroll","background-type":"","background-media":"","overlay-type":"","overlay-color":"","overlay-opacity":"","overlay-gradient":""},"mobile":{"background-color":"","background-image":"","background-repeat":"repeat","background-position":"center center","background-size":"auto","background-attachment":"scroll","background-type":"","background-media":"","overlay-type":"","overlay-color":"","overlay-opacity":"","overlay-gradient":""}},"ast-content-background-meta":{"desktop":{"background-color":"var(--ast-global-color-4)","background-image":"","background-repeat":"repeat","background-position":"center center","background-size":"auto","background-attachment":"scroll","background-type":"","background-media":"","overlay-type":"","overlay-color":"","overlay-opacity":"","overlay-gradient":""},"tablet":{"background-color":"var(--ast-global-color-4)","background-image":"","background-repeat":"repeat","background-position":"center center","background-size":"auto","background-attachment":"scroll","background-type":"","background-media":"","overlay-type":"","overlay-color":"","overlay-opacity":"","overlay-gradient":""},"mobile":{"background-color":"var(--ast-global-color-4)","background-image":"","background-repeat":"repeat","background-position":"center center","background-size":"auto","background-attachment":"scroll","background-type":"","background-media":"","overlay-type":"","overlay-color":"","overlay-opacity":"","overlay-gradient":""}},"_joinchat":[],"footnotes":""},"class_list":["post-641","page","type-page","status-publish","hentry"],"_links":{"self":[{"href":"https:\/\/akieletronicos.com.br\/home\/wp-json\/wp\/v2\/pages\/641","targetHints":{"allow":["GET"]}}],"collection":[{"href":"https:\/\/akieletronicos.com.br\/home\/wp-json\/wp\/v2\/pages"}],"about":[{"href":"https:\/\/akieletronicos.com.br\/home\/wp-json\/wp\/v2\/types\/page"}],"author":[{"embeddable":true,"href":"https:\/\/akieletronicos.com.br\/home\/wp-json\/wp\/v2\/users\/1"}],"replies":[{"embeddable":true,"href":"https:\/\/akieletronicos.com.br\/home\/wp-json\/wp\/v2\/comments?post=641"}],"version-history":[{"count":8,"href":"https:\/\/akieletronicos.com.br\/home\/wp-json\/wp\/v2\/pages\/641\/revisions"}],"predecessor-version":[{"id":822,"href":"https:\/\/akieletronicos.com.br\/home\/wp-json\/wp\/v2\/pages\/641\/revisions\/822"}],"wp:attachment":[{"href":"https:\/\/akieletronicos.com.br\/home\/wp-json\/wp\/v2\/media?parent=641"}],"curies":[{"name":"wp","href":"https:\/\/api.w.org\/{rel}","templated":true}]}}