{"id":526,"date":"2025-07-18T16:58:59","date_gmt":"2025-07-18T19:58:59","guid":{"rendered":"http:\/\/akieletronicos.com.br\/home\/?page_id=526"},"modified":"2026-04-01T18:08:22","modified_gmt":"2026-04-01T21:08:22","slug":"redmi-a564gb","status":"publish","type":"page","link":"https:\/\/akieletronicos.com.br\/home\/redmi-a564gb\/","title":{"rendered":"Redmi A564GB"},"content":{"rendered":"\t\t<div data-elementor-type=\"wp-page\" data-elementor-id=\"526\" class=\"elementor elementor-526\">\n\t\t\t\t<div class=\"elementor-element elementor-element-2911169 e-flex e-con-boxed e-con e-parent\" data-id=\"2911169\" data-element_type=\"container\">\n\t\t\t\t\t<div class=\"e-con-inner\">\n\t\t\t\t<div class=\"elementor-element elementor-element-8354413 elementor-widget elementor-widget-heading\" data-id=\"8354413\" data-element_type=\"widget\" data-widget_type=\"heading.default\">\n\t\t\t\t\t<h2 class=\"elementor-heading-title elementor-size-default\"><a href=\"https:\/\/akieletronicos.com.br\/home\/iphone-16-128gb\/\">Redmi A5 64GB<\/a><\/h2>\t\t\t\t<\/div>\n\t\t\t\t\t<\/div>\n\t\t\t\t<\/div>\n\t\t<div class=\"elementor-element elementor-element-e2afe43 e-flex e-con-boxed e-con e-parent\" data-id=\"e2afe43\" data-element_type=\"container\">\n\t\t\t\t\t<div class=\"e-con-inner\">\n\t\t\t\t<div class=\"elementor-element elementor-element-cb1e915 elementor-widget elementor-widget-image\" data-id=\"cb1e915\" data-element_type=\"widget\" data-widget_type=\"image.default\">\n\t\t\t\t\t\t\t\t\t\t\t\t\t\t\t<img fetchpriority=\"high\" decoding=\"async\" width=\"213\" height=\"300\" src=\"https:\/\/akieletronicos.com.br\/wp-content\/uploads\/2025\/07\/Captura-de-Tela-2025-07-18-as-16.42.00-213x300.png\" class=\"attachment-medium size-medium wp-image-529\" alt=\"\" srcset=\"https:\/\/akieletronicos.com.br\/wp-content\/uploads\/2025\/07\/Captura-de-Tela-2025-07-18-as-16.42.00-213x300.png 213w, https:\/\/akieletronicos.com.br\/wp-content\/uploads\/2025\/07\/Captura-de-Tela-2025-07-18-as-16.42.00.png 686w\" sizes=\"(max-width: 213px) 100vw, 213px\" \/>\t\t\t\t\t\t\t\t\t\t\t\t\t\t\t<\/div>\n\t\t\t\t<div class=\"elementor-element elementor-element-c2e2d86 elementor-widget__width-initial elementor-widget elementor-widget-text-editor\" data-id=\"c2e2d86\" data-element_type=\"widget\" data-widget_type=\"text-editor.default\">\n\t\t\t\t\t\t\t\t\t<h3>Detalhes<\/h3><p>Processador UNISOC T7250<\/p><p>Tela de 6,88&#8243; <\/p><p>C\u00e2mera principal de 32 MP <\/p><p>Bateria de 5200 mAh<\/p><p>Carregamento r\u00e1pido de 15 W<br \/>USB TIPO C<\/p><p>\u00a0<\/p>\t\t\t\t\t\t\t\t<\/div>\n\t\t\t\t<div class=\"elementor-element elementor-element-6746017 elementor-widget__width-initial elementor-widget elementor-widget-text-editor\" data-id=\"6746017\" data-element_type=\"widget\" data-widget_type=\"text-editor.default\">\n\t\t\t\t\t\t\t\t\t<h3>Descri\u00e7\u00e3o T\u00e9cnica\u00a0\u00a0<\/h3><div><p><strong>Redmi A5<br \/><\/strong><\/p><p>64GB de armazenamento<br \/>Mem\u00f3ria RAM: 3<\/p><p>verificar disponibilidade de cores<\/p><\/div><div><strong>R$649,00 a vista ou ate 12x de R$60,00 no cart\u00e3o de credito<\/strong><\/div>\t\t\t\t\t\t\t\t<\/div>\n\t\t\t\t\t<\/div>\n\t\t\t\t<\/div>\n\t\t<div class=\"elementor-element elementor-element-0833181 e-flex e-con-boxed e-con e-parent\" data-id=\"0833181\" data-element_type=\"container\">\n\t\t\t\t\t<div class=\"e-con-inner\">\n\t\t\t\t<div class=\"elementor-element elementor-element-f644547 elementor-widget elementor-widget-text-editor\" data-id=\"f644547\" data-element_type=\"widget\" data-widget_type=\"text-editor.default\">\n\t\t\t\t\t\t\t\t\t<h3><span style=\"font-family: Arial;\">Especifica\u00e7\u00f5es\u00a0 \u00a0<\/span><\/h3><p>O Xiaomi Redmi A5 combina desempenho eficiente e recursos modernos. Equipado com processador octa-core Unisoc T7250 e GPU Mali-G57 MP1, oferece fluidez para tarefas di\u00e1rias. Sua tela LCD IPS de 6,88&#8243; com 120 Hz garante imagens n\u00edtidas, enquanto a c\u00e2mera de 32 MP capta fotos detalhadas. A bateria de 5.200 mAh com carregamento de 18W proporciona longa dura\u00e7\u00e3o. Ideal para quem busca um smartphone acess\u00edvel e equilibrado.<\/p><p>\u00a0<\/p>\t\t\t\t\t\t\t\t<\/div>\n\t\t\t\t\t<\/div>\n\t\t\t\t<\/div>\n\t\t\t\t<\/div>\n\t\t","protected":false},"excerpt":{"rendered":"<p>Redmi A5 64GB Detalhes Processador UNISOC T7250 Tela de 6,88&#8243; C\u00e2mera principal de 32 MP Bateria de 5200 mAh Carregamento [&hellip;]<\/p>\n","protected":false},"author":1,"featured_media":0,"parent":0,"menu_order":0,"comment_status":"closed","ping_status":"closed","template":"","meta":{"site-sidebar-layout":"no-sidebar","site-content-layout":"","ast-site-content-layout":"full-width-container","site-content-style":"default","site-sidebar-style":"default","ast-global-header-display":"","ast-banner-title-visibility":"","ast-main-header-display":"","ast-hfb-above-header-display":"","ast-hfb-below-header-display":"","ast-hfb-mobile-header-display":"","site-post-title":"disabled","ast-breadcrumbs-content":"","ast-featured-img":"disabled","footer-sml-layout":"","theme-transparent-header-meta":"","adv-header-id-meta":"","stick-header-meta":"","header-above-stick-meta":"","header-main-stick-meta":"","header-below-stick-meta":"","astra-migrate-meta-layouts":"default","ast-page-background-enabled":"default","ast-page-background-meta":{"desktop":{"background-color":"var(--ast-global-color-5)","background-image":"","background-repeat":"repeat","background-position":"center center","background-size":"auto","background-attachment":"scroll","background-type":"","background-media":"","overlay-type":"","overlay-color":"","overlay-opacity":"","overlay-gradient":""},"tablet":{"background-color":"","background-image":"","background-repeat":"repeat","background-position":"center center","background-size":"auto","background-attachment":"scroll","background-type":"","background-media":"","overlay-type":"","overlay-color":"","overlay-opacity":"","overlay-gradient":""},"mobile":{"background-color":"","background-image":"","background-repeat":"repeat","background-position":"center center","background-size":"auto","background-attachment":"scroll","background-type":"","background-media":"","overlay-type":"","overlay-color":"","overlay-opacity":"","overlay-gradient":""}},"ast-content-background-meta":{"desktop":{"background-color":"var(--ast-global-color-4)","background-image":"","background-repeat":"repeat","background-position":"center center","background-size":"auto","background-attachment":"scroll","background-type":"","background-media":"","overlay-type":"","overlay-color":"","overlay-opacity":"","overlay-gradient":""},"tablet":{"background-color":"var(--ast-global-color-4)","background-image":"","background-repeat":"repeat","background-position":"center center","background-size":"auto","background-attachment":"scroll","background-type":"","background-media":"","overlay-type":"","overlay-color":"","overlay-opacity":"","overlay-gradient":""},"mobile":{"background-color":"var(--ast-global-color-4)","background-image":"","background-repeat":"repeat","background-position":"center center","background-size":"auto","background-attachment":"scroll","background-type":"","background-media":"","overlay-type":"","overlay-color":"","overlay-opacity":"","overlay-gradient":""}},"_joinchat":[],"footnotes":""},"class_list":["post-526","page","type-page","status-publish","hentry"],"_links":{"self":[{"href":"https:\/\/akieletronicos.com.br\/home\/wp-json\/wp\/v2\/pages\/526","targetHints":{"allow":["GET"]}}],"collection":[{"href":"https:\/\/akieletronicos.com.br\/home\/wp-json\/wp\/v2\/pages"}],"about":[{"href":"https:\/\/akieletronicos.com.br\/home\/wp-json\/wp\/v2\/types\/page"}],"author":[{"embeddable":true,"href":"https:\/\/akieletronicos.com.br\/home\/wp-json\/wp\/v2\/users\/1"}],"replies":[{"embeddable":true,"href":"https:\/\/akieletronicos.com.br\/home\/wp-json\/wp\/v2\/comments?post=526"}],"version-history":[{"count":10,"href":"https:\/\/akieletronicos.com.br\/home\/wp-json\/wp\/v2\/pages\/526\/revisions"}],"predecessor-version":[{"id":809,"href":"https:\/\/akieletronicos.com.br\/home\/wp-json\/wp\/v2\/pages\/526\/revisions\/809"}],"wp:attachment":[{"href":"https:\/\/akieletronicos.com.br\/home\/wp-json\/wp\/v2\/media?parent=526"}],"curies":[{"name":"wp","href":"https:\/\/api.w.org\/{rel}","templated":true}]}}