{"id":491,"date":"2025-07-02T10:56:55","date_gmt":"2025-07-02T13:56:55","guid":{"rendered":"http:\/\/akieletronicos.com.br\/home\/?page_id=491"},"modified":"2025-12-16T14:42:24","modified_gmt":"2025-12-16T17:42:24","slug":"iphone-15-128gb","status":"publish","type":"page","link":"https:\/\/akieletronicos.com.br\/home\/iphone-15-128gb\/","title":{"rendered":"iPhone 15 128gb"},"content":{"rendered":"\t\t<div data-elementor-type=\"wp-page\" data-elementor-id=\"491\" class=\"elementor elementor-491\">\n\t\t\t\t<div class=\"elementor-element elementor-element-9bb38b4 e-flex e-con-boxed e-con e-parent\" data-id=\"9bb38b4\" data-element_type=\"container\">\n\t\t\t\t\t<div class=\"e-con-inner\">\n\t\t\t\t<div class=\"elementor-element elementor-element-14e7952 elementor-widget elementor-widget-heading\" data-id=\"14e7952\" data-element_type=\"widget\" data-widget_type=\"heading.default\">\n\t\t\t\t\t<h2 class=\"elementor-heading-title elementor-size-default\"><a href=\"https:\/\/akieletronicos.com.br\/home\/iphone-16-128gb\/\">IPhone 15 128GB<\/a><\/h2>\t\t\t\t<\/div>\n\t\t\t\t\t<\/div>\n\t\t\t\t<\/div>\n\t\t<div class=\"elementor-element elementor-element-17d137d e-flex e-con-boxed e-con e-parent\" data-id=\"17d137d\" data-element_type=\"container\">\n\t\t\t\t\t<div class=\"e-con-inner\">\n\t\t\t\t<div class=\"elementor-element elementor-element-703aea5 elementor-widget elementor-widget-image\" data-id=\"703aea5\" data-element_type=\"widget\" data-widget_type=\"image.default\">\n\t\t\t\t\t\t\t\t\t\t\t\t\t\t\t<img fetchpriority=\"high\" decoding=\"async\" width=\"229\" height=\"300\" src=\"https:\/\/akieletronicos.com.br\/wp-content\/uploads\/2025\/06\/416MG51rNgL._AC_SL1000_-229x300.jpg\" class=\"attachment-medium size-medium wp-image-407\" alt=\"\" srcset=\"https:\/\/akieletronicos.com.br\/wp-content\/uploads\/2025\/06\/416MG51rNgL._AC_SL1000_-229x300.jpg 229w, https:\/\/akieletronicos.com.br\/wp-content\/uploads\/2025\/06\/416MG51rNgL._AC_SL1000_.jpg 495w\" sizes=\"(max-width: 229px) 100vw, 229px\" \/>\t\t\t\t\t\t\t\t\t\t\t\t\t\t\t<\/div>\n\t\t\t\t<div class=\"elementor-element elementor-element-4d1adf4 elementor-widget__width-initial elementor-widget elementor-widget-text-editor\" data-id=\"4d1adf4\" data-element_type=\"widget\" data-widget_type=\"text-editor.default\">\n\t\t\t\t\t\t\t\t\t<h3>Descri\u00e7\u00e3o T\u00e9cnica\u00a0\u00a0<\/h3><div><p><strong>iPhone 15<\/strong><\/p><p>128GB de armazenamento<br \/>6GB Mem\u00f3ria RAM<\/p><p>verificar disponibilidade de cores<\/p><\/div><div><strong>R4299,00 a vista ou 12x de R$405,00 no cart\u00e3o de credito<\/strong><\/div>\t\t\t\t\t\t\t\t<\/div>\n\t\t\t\t<div class=\"elementor-element elementor-element-5858ec6 elementor-widget__width-initial elementor-widget elementor-widget-text-editor\" data-id=\"5858ec6\" data-element_type=\"widget\" data-widget_type=\"text-editor.default\">\n\t\t\t\t\t\t\t\t\t<h3>Detalhes<\/h3><p>A Dynamic Island mostra alertas e atividades ao vivo para voc\u00ea n\u00e3o perder nenhuma informa\u00e7\u00e3o enquanto faz outras coisas<\/p><p>Design inovador com tela Super Retina XDR<\/p><p>C\u00e2mera grande-angular de 48 MP com teleobjetiva de 2x<\/p><p>Poderoso chip A16 Bionic<\/p><p>Conectividade USB-CRecurso essencial de seguran\u00e7a com a detec\u00e7\u00e3o de acidente para pedir ajuda<\/p>\t\t\t\t\t\t\t\t<\/div>\n\t\t\t\t\t<\/div>\n\t\t\t\t<\/div>\n\t\t<div class=\"elementor-element elementor-element-db31e8a e-flex e-con-boxed e-con e-parent\" data-id=\"db31e8a\" data-element_type=\"container\">\n\t\t\t\t\t<div class=\"e-con-inner\">\n\t\t\t\t<div class=\"elementor-element elementor-element-0d57f4f elementor-widget elementor-widget-text-editor\" data-id=\"0d57f4f\" data-element_type=\"widget\" data-widget_type=\"text-editor.default\">\n\t\t\t\t\t\t\t\t\t<h3><span style=\"font-family: Arial;\">Especifica\u00e7\u00f5es\u00a0 \u00a0<\/span><\/h3><div><p>A DYNAMIC ISLAND CHEGA AO IPHONE 15 \u2014 A Dynamic Island mostra alertas e Atividades ao Vivo para voc\u00ea n\u00e3o perder nenhuma informa\u00e7\u00e3o enquanto faz outras coisas. Voc\u00ea pode acompanhar sua pr\u00f3xima corrida, saber quem est\u00e1 ligando, confirmar as informa\u00e7\u00f5es do seu voo e muito mais.<\/p><p>DESIGN INOVADOR \u2014 O iPhone 15 tem vidro resistente colorido por infus\u00e3o e design em alum\u00ednio. Ele aguenta o tranco contra respingos, \u00e1gua e poeira. A parte da frente em Ceramic Shield \u00e9 mais resistente que qualquer vidro de smartphone. E a tela Super Retina XDR de 6,1 pol. \u00e9 at\u00e9 duas vezes mais vis\u00edvel sob o sol em compara\u00e7\u00e3o com o iPhone 14.<\/p><p>C\u00c2MERA GRANDE-ANGULAR DE 48 MP COM TELEOBJETIVA DE 2X \u2014 A c\u00e2mera grande-angular de 48<br \/>MP fotografa em alt\u00edssima resolu\u00e7\u00e3o. Assim, fica ainda mais f\u00e1cil fazer fotos com detalhes incr\u00edveis. A teleobjetiva de 2x com qualidade \u00f3ptica ajuda no enquadramento do close perfeito.<\/p><p>O FUTURO CHEGOU AOS RETRATOS \u2014 Fa\u00e7a retratos com mais detalhes e intensidade de cores. \u00c9 s\u00f3 tocar para mudar o foco de uma pessoa para outra, mesmo depois do clique.<\/p><p>PODEROSO CHIP A16 BIONIC \u2014 O chip ultrarr\u00e1pido possibilita recursos avan\u00e7ados, como a fotografia computacional, as transi\u00e7\u00f5es fluidas da Dynamic Island e o Isolamento de Voz para liga\u00e7\u00f5es. E o A16 Bionic tem efici\u00eancia de sobra para que a bateria dure o dia todo.<\/p><p>CONECTIVIDADE USB-C \u2014 Com a porta USB C, voc\u00ea recarrega seu iPhone 15 com o mesmo cabo que usa para recarregar o Mac ou o iPad. Voc\u00ea pode at\u00e9 utilizar o iPhone 15 para recarregar o Apple Watch ou os AirPods.<\/p><p>RECURSO ESSENCIAL DE SEGURAN\u00c7A \u2014 Com a Detec\u00e7\u00e3o de Acidente, o iPhone \u00e9 capaz de identificar se voc\u00ea sofreu um acidente grave de carro e ligar para a emerg\u00eancia se voc\u00ea n\u00e3o puder<\/p><p>PROJETADO PARA FAZER A DIFEREN\u00c7A \u2014 O iPhone protege sua privacidade e d\u00e1 a voc\u00ea o controle dos seus dados. Ele \u00e9 feito com mais materiais reciclados para minimizar o impacto ambiental. E vem com recursos integrados para tornar o iPhone acess\u00edvel a todas as pessoas.<\/p><\/div>\t\t\t\t\t\t\t\t<\/div>\n\t\t\t\t<div class=\"elementor-element elementor-element-f5a4bb0 elementor-button-align-stretch elementor-widget elementor-widget-form\" data-id=\"f5a4bb0\" data-element_type=\"widget\" data-settings=\"{&quot;step_next_label&quot;:&quot;Next&quot;,&quot;step_previous_label&quot;:&quot;Previous&quot;,&quot;button_width&quot;:&quot;100&quot;,&quot;step_type&quot;:&quot;number_text&quot;,&quot;step_icon_shape&quot;:&quot;circle&quot;}\" data-widget_type=\"form.default\">\n\t\t\t\t<div class=\"elementor-widget-container\">\n\t\t\t\t\t\t\t<form class=\"elementor-form\" method=\"post\" name=\"New Form\">\n\t\t\t<input type=\"hidden\" name=\"post_id\" value=\"491\"\/>\n\t\t\t<input type=\"hidden\" name=\"form_id\" value=\"f5a4bb0\"\/>\n\t\t\t<input type=\"hidden\" name=\"referer_title\" value=\"\" \/>\n\n\t\t\t\n\t\t\t<div class=\"elementor-form-fields-wrapper elementor-labels-above\">\n\t\t\t\t\t\t\t\t<div class=\"elementor-field-type-text elementor-field-group elementor-column elementor-field-group-field_7be850e elementor-col-100\">\n\t\t\t\t\t\t\t\t\t\t\t\t<label for=\"form-field-field_7be850e\" class=\"elementor-field-label\">\n\t\t\t\t\t\t\t\tNome\t\t\t\t\t\t\t<\/label>\n\t\t\t\t\t\t\t\t\t\t\t\t\t\t<input size=\"1\" type=\"text\" name=\"form_fields[field_7be850e]\" id=\"form-field-field_7be850e\" class=\"elementor-field elementor-size-sm  elementor-field-textual\" placeholder=\"Nome\">\n\t\t\t\t\t\t\t\t\t\t\t<\/div>\n\t\t\t\t\t\t\t\t<div class=\"elementor-field-type-email elementor-field-group elementor-column elementor-field-group-email elementor-col-100 elementor-field-required\">\n\t\t\t\t\t\t\t\t\t\t\t\t<label for=\"form-field-email\" class=\"elementor-field-label\">\n\t\t\t\t\t\t\t\tEmail\t\t\t\t\t\t\t<\/label>\n\t\t\t\t\t\t\t\t\t\t\t\t\t\t<input size=\"1\" type=\"email\" name=\"form_fields[email]\" id=\"form-field-email\" class=\"elementor-field elementor-size-sm  elementor-field-textual\" placeholder=\"Email\" required=\"required\" aria-required=\"true\">\n\t\t\t\t\t\t\t\t\t\t\t<\/div>\n\t\t\t\t\t\t\t\t<div class=\"elementor-field-type-textarea elementor-field-group elementor-column elementor-field-group-message elementor-col-100\">\n\t\t\t\t\t\t\t\t\t\t\t\t<label for=\"form-field-message\" class=\"elementor-field-label\">\n\t\t\t\t\t\t\t\tMensagem\t\t\t\t\t\t\t<\/label>\n\t\t\t\t\t\t<textarea class=\"elementor-field-textual elementor-field  elementor-size-sm\" name=\"form_fields[message]\" id=\"form-field-message\" rows=\"4\" placeholder=\"Mensagem\"><\/textarea>\t\t\t\t<\/div>\n\t\t\t\t\t\t\t\t<div class=\"elementor-field-group elementor-column elementor-field-type-submit elementor-col-100 e-form__buttons\">\n\t\t\t\t\t<button type=\"submit\" class=\"elementor-button elementor-size-sm\">\n\t\t\t\t\t\t<span >\n\t\t\t\t\t\t\t\t\t\t\t\t\t\t\t<span class=\" elementor-button-icon\">\n\t\t\t\t\t\t\t\t\t\t\t\t\t\t\t\t\t\t\t\t\t\t\t\t\t\t<\/span>\n\t\t\t\t\t\t\t\t\t\t\t\t\t\t\t\t\t\t\t\t\t\t<span class=\"elementor-button-text\">Enviar<\/span>\n\t\t\t\t\t\t\t\t\t\t\t\t\t<\/span>\n\t\t\t\t\t<\/button>\n\t\t\t\t<\/div>\n\t\t\t<\/div>\n\t\t<\/form>\n\t\t\t\t\t\t<\/div>\n\t\t\t\t<\/div>\n\t\t\t\t\t<\/div>\n\t\t\t\t<\/div>\n\t\t\t\t<\/div>\n\t\t","protected":false},"excerpt":{"rendered":"<p>IPhone 15 128GB Descri\u00e7\u00e3o T\u00e9cnica\u00a0\u00a0 iPhone 15 128GB de armazenamento6GB Mem\u00f3ria RAM verificar disponibilidade de cores R4299,00 a vista ou [&hellip;]<\/p>\n","protected":false},"author":1,"featured_media":0,"parent":0,"menu_order":0,"comment_status":"closed","ping_status":"closed","template":"","meta":{"site-sidebar-layout":"no-sidebar","site-content-layout":"","ast-site-content-layout":"full-width-container","site-content-style":"default","site-sidebar-style":"default","ast-global-header-display":"","ast-banner-title-visibility":"","ast-main-header-display":"","ast-hfb-above-header-display":"","ast-hfb-below-header-display":"","ast-hfb-mobile-header-display":"","site-post-title":"disabled","ast-breadcrumbs-content":"","ast-featured-img":"disabled","footer-sml-layout":"","theme-transparent-header-meta":"","adv-header-id-meta":"","stick-header-meta":"","header-above-stick-meta":"","header-main-stick-meta":"","header-below-stick-meta":"","astra-migrate-meta-layouts":"default","ast-page-background-enabled":"default","ast-page-background-meta":{"desktop":{"background-color":"var(--ast-global-color-5)","background-image":"","background-repeat":"repeat","background-position":"center center","background-size":"auto","background-attachment":"scroll","background-type":"","background-media":"","overlay-type":"","overlay-color":"","overlay-opacity":"","overlay-gradient":""},"tablet":{"background-color":"","background-image":"","background-repeat":"repeat","background-position":"center center","background-size":"auto","background-attachment":"scroll","background-type":"","background-media":"","overlay-type":"","overlay-color":"","overlay-opacity":"","overlay-gradient":""},"mobile":{"background-color":"","background-image":"","background-repeat":"repeat","background-position":"center center","background-size":"auto","background-attachment":"scroll","background-type":"","background-media":"","overlay-type":"","overlay-color":"","overlay-opacity":"","overlay-gradient":""}},"ast-content-background-meta":{"desktop":{"background-color":"var(--ast-global-color-4)","background-image":"","background-repeat":"repeat","background-position":"center center","background-size":"auto","background-attachment":"scroll","background-type":"","background-media":"","overlay-type":"","overlay-color":"","overlay-opacity":"","overlay-gradient":""},"tablet":{"background-color":"var(--ast-global-color-4)","background-image":"","background-repeat":"repeat","background-position":"center center","background-size":"auto","background-attachment":"scroll","background-type":"","background-media":"","overlay-type":"","overlay-color":"","overlay-opacity":"","overlay-gradient":""},"mobile":{"background-color":"var(--ast-global-color-4)","background-image":"","background-repeat":"repeat","background-position":"center center","background-size":"auto","background-attachment":"scroll","background-type":"","background-media":"","overlay-type":"","overlay-color":"","overlay-opacity":"","overlay-gradient":""}},"_joinchat":[],"footnotes":""},"class_list":["post-491","page","type-page","status-publish","hentry"],"_links":{"self":[{"href":"https:\/\/akieletronicos.com.br\/home\/wp-json\/wp\/v2\/pages\/491","targetHints":{"allow":["GET"]}}],"collection":[{"href":"https:\/\/akieletronicos.com.br\/home\/wp-json\/wp\/v2\/pages"}],"about":[{"href":"https:\/\/akieletronicos.com.br\/home\/wp-json\/wp\/v2\/types\/page"}],"author":[{"embeddable":true,"href":"https:\/\/akieletronicos.com.br\/home\/wp-json\/wp\/v2\/users\/1"}],"replies":[{"embeddable":true,"href":"https:\/\/akieletronicos.com.br\/home\/wp-json\/wp\/v2\/comments?post=491"}],"version-history":[{"count":7,"href":"https:\/\/akieletronicos.com.br\/home\/wp-json\/wp\/v2\/pages\/491\/revisions"}],"predecessor-version":[{"id":764,"href":"https:\/\/akieletronicos.com.br\/home\/wp-json\/wp\/v2\/pages\/491\/revisions\/764"}],"wp:attachment":[{"href":"https:\/\/akieletronicos.com.br\/home\/wp-json\/wp\/v2\/media?parent=491"}],"curies":[{"name":"wp","href":"https:\/\/api.w.org\/{rel}","templated":true}]}}