{"id":366,"date":"2025-07-23T12:12:49","date_gmt":"2025-07-23T15:12:49","guid":{"rendered":"http:\/\/akieletronicos.com.br\/home\/?page_id=366"},"modified":"2026-04-01T18:30:07","modified_gmt":"2026-04-01T21:30:07","slug":"redmi-note-14-pro-5g","status":"publish","type":"page","link":"https:\/\/akieletronicos.com.br\/home\/redmi-note-14-pro-5g\/","title":{"rendered":"Redminote15pro5g"},"content":{"rendered":"\t\t<div data-elementor-type=\"wp-page\" data-elementor-id=\"366\" class=\"elementor elementor-366\">\n\t\t\t\t<div class=\"elementor-element elementor-element-b852622 e-flex e-con-boxed e-con e-parent\" data-id=\"b852622\" data-element_type=\"container\">\n\t\t\t\t\t<div class=\"e-con-inner\">\n\t\t<div class=\"elementor-element elementor-element-ce4e02a e-con-full e-flex e-con e-child\" data-id=\"ce4e02a\" data-element_type=\"container\">\n\t\t\t\t<div class=\"elementor-element elementor-element-57fd54e elementor-widget elementor-widget-heading\" data-id=\"57fd54e\" data-element_type=\"widget\" data-widget_type=\"heading.default\">\n\t\t\t\t\t<h2 class=\"elementor-heading-title elementor-size-default\">Redmi Note 15 Pro 512GB 8GB 5G <\/h2>\t\t\t\t<\/div>\n\t\t<div class=\"elementor-element elementor-element-d45764d e-con-full e-flex e-con e-child\" data-id=\"d45764d\" data-element_type=\"container\">\n\t\t<div class=\"elementor-element elementor-element-abf7e07 e-con-full e-flex e-con e-child\" data-id=\"abf7e07\" data-element_type=\"container\">\n\t\t\t\t<div class=\"elementor-element elementor-element-42f293a elementor-widget elementor-widget-image\" data-id=\"42f293a\" data-element_type=\"widget\" data-widget_type=\"image.default\">\n\t\t\t\t\t\t\t\t\t\t\t\t\t\t\t<img fetchpriority=\"high\" decoding=\"async\" width=\"283\" height=\"300\" src=\"https:\/\/akieletronicos.com.br\/wp-content\/uploads\/2026\/04\/Captura-de-Tela-2026-04-01-as-18.17.03-283x300.png\" class=\"attachment-medium size-medium wp-image-813\" alt=\"\" srcset=\"https:\/\/akieletronicos.com.br\/wp-content\/uploads\/2026\/04\/Captura-de-Tela-2026-04-01-as-18.17.03-283x300.png 283w, https:\/\/akieletronicos.com.br\/wp-content\/uploads\/2026\/04\/Captura-de-Tela-2026-04-01-as-18.17.03-965x1024.png 965w, https:\/\/akieletronicos.com.br\/wp-content\/uploads\/2026\/04\/Captura-de-Tela-2026-04-01-as-18.17.03-768x815.png 768w, https:\/\/akieletronicos.com.br\/wp-content\/uploads\/2026\/04\/Captura-de-Tela-2026-04-01-as-18.17.03.png 969w\" sizes=\"(max-width: 283px) 100vw, 283px\" \/>\t\t\t\t\t\t\t\t\t\t\t\t\t\t\t<\/div>\n\t\t\t\t<\/div>\n\t\t\t\t<div class=\"elementor-element elementor-element-19dd1ce elementor-widget__width-initial elementor-widget elementor-widget-text-editor\" data-id=\"19dd1ce\" data-element_type=\"widget\" data-widget_type=\"text-editor.default\">\n\t\t\t\t\t\t\t\t\t<h3><span style=\"color: #000000;\">Descri\u00e7\u00e3o T\u00e9cnica:<\/span><\/h3><p><strong>Redmi Note 15 Pr\u00f3 5G <\/strong><\/p><p>512GB de armazenamento<br \/>Memoria RAM: 8GB<\/p><p>Verificar disponibilidade de cores<\/p><p><strong>R$2299,00 no pix ou 12x de 215,00 no cart\u00e3o de credito<\/strong><\/p>\t\t\t\t\t\t\t\t<\/div>\n\t\t\t\t<div class=\"elementor-element elementor-element-d4f7b05 elementor-widget__width-initial elementor-widget elementor-widget-text-editor\" data-id=\"d4f7b05\" data-element_type=\"widget\" data-widget_type=\"text-editor.default\">\n\t\t\t\t\t\t\t\t\t<p data-start=\"1695\" data-end=\"1733\"><strong data-start=\"1695\" data-end=\"1733\">DETALHES:<br \/><\/strong><\/p><ul data-start=\"1735\" data-end=\"2071\"><li data-section-id=\"18ptqgj\" data-start=\"1735\" data-end=\"1785\"><strong data-start=\"1737\" data-end=\"1753\">Processador:<\/strong> MediaTek Dimensity 7400-Ultra<\/li><li data-section-id=\"vnxkil\" data-start=\"1786\" data-end=\"1810\"><strong data-start=\"1788\" data-end=\"1804\">Mem\u00f3ria RAM:<\/strong> 8GB<\/li><li data-section-id=\"1ljkr9v\" data-start=\"1811\" data-end=\"1839\"><strong data-start=\"1813\" data-end=\"1831\">Armazenamento:<\/strong> 512GB<\/li><li data-section-id=\"97dwyo\" data-start=\"1840\" data-end=\"1881\"><strong data-start=\"1842\" data-end=\"1851\">Tela:<\/strong> AMOLED 120Hz alta resolu\u00e7\u00e3o<\/li><li data-section-id=\"su5qlr\" data-start=\"1882\" data-end=\"1931\"><strong data-start=\"1884\" data-end=\"1904\">C\u00e2mera traseira:<\/strong> 200MP + 8MP (ultra-wide)<\/li><li data-section-id=\"1yvej2z\" data-start=\"1932\" data-end=\"1960\"><strong data-start=\"1934\" data-end=\"1953\">C\u00e2mera frontal:<\/strong> 20MP<\/li><li data-section-id=\"ok11xx\" data-start=\"1961\" data-end=\"1985\"><strong data-start=\"1963\" data-end=\"1975\">Bateria:<\/strong> 6580mAh<\/li><li data-section-id=\"eyepau\" data-start=\"1986\" data-end=\"2020\"><strong data-start=\"1988\" data-end=\"2000\">Sistema:<\/strong> Android (HyperOS)<\/li><li data-section-id=\"19yfx03\" data-start=\"2021\" data-end=\"2071\"><strong data-start=\"2023\" data-end=\"2037\">Seguran\u00e7a:<\/strong> Digital + reconhecimento facial<\/li><\/ul><hr data-start=\"2073\" data-end=\"2076\" \/>\t\t\t\t\t\t\t\t<\/div>\n\t\t\t\t<\/div>\n\t\t\t\t<\/div>\n\t\t\t\t\t<\/div>\n\t\t\t\t<\/div>\n\t\t<div class=\"elementor-element elementor-element-1697480 e-grid e-con-boxed e-con e-parent\" data-id=\"1697480\" data-element_type=\"container\">\n\t\t\t\t\t<div class=\"e-con-inner\">\n\t\t<div class=\"elementor-element elementor-element-deaa44a e-con-full e-flex e-con e-child\" data-id=\"deaa44a\" data-element_type=\"container\">\n\t\t\t\t<div class=\"elementor-element elementor-element-2dd80fc elementor-widget elementor-widget-text-editor\" data-id=\"2dd80fc\" data-element_type=\"widget\" data-widget_type=\"text-editor.default\">\n\t\t\t\t\t\t\t\t\t<h3>Especifica\u00e7\u00f5es<\/h3><p data-start=\"121\" data-end=\"199\"><strong data-start=\"121\" data-end=\"199\">Redmi Note 15 Pro 5G 512GB 8GB RAM \u2013 C\u00e2mera Profissional e Bateria Gigante<\/strong><\/p><p data-start=\"201\" data-end=\"464\">O Redmi Note 15 Pro 5G \u00e9 um smartphone avan\u00e7ado, ideal para quem busca alto desempenho, excelente qualidade de c\u00e2mera e bateria de longa dura\u00e7\u00e3o. Com <strong data-start=\"351\" data-end=\"365\">8GB de RAM<\/strong> e <strong data-start=\"368\" data-end=\"402\">512GB de armazenamento interno<\/strong>, oferece espa\u00e7o de sobra e fluidez para qualquer tipo de uso.<\/p><p data-start=\"466\" data-end=\"687\">Equipado com o processador <strong data-start=\"493\" data-end=\"526\">MediaTek Dimensity 7400-Ultra<\/strong>, garante \u00f3timo desempenho em jogos, aplicativos pesados e multitarefas, mantendo efici\u00eancia e estabilidade no dia a dia.<\/p><p data-start=\"689\" data-end=\"844\">Sua tela AMOLED de alta resolu\u00e7\u00e3o com <strong data-start=\"727\" data-end=\"736\">120Hz<\/strong> proporciona imagens extremamente fluidas, cores vibrantes e \u00f3tima visibilidade mesmo em ambientes externos.<\/p><p data-start=\"846\" data-end=\"1118\">O grande destaque fica para o conjunto de c\u00e2meras, com sensor principal de <strong data-start=\"921\" data-end=\"961\">200MP com estabiliza\u00e7\u00e3o \u00f3ptica (OIS)<\/strong>, entregando fotos extremamente n\u00edtidas e detalhadas, al\u00e9m de c\u00e2mera frontal de <strong data-start=\"1041\" data-end=\"1049\">20MP<\/strong> ideal para selfies e v\u00eddeos.<\/p><p>A bateria de <strong data-start=\"1133\" data-end=\"1144\">6580mAh<\/strong> garante autonomia para o dia inteiro ou at\u00e9 mais, sendo perfeita para quem usa o celular intensamente.<\/p><p>\u00a0<\/p>\t\t\t\t\t\t\t\t<\/div>\n\t\t\t\t<div class=\"elementor-element elementor-element-a48639d elementor-button-align-stretch elementor-widget elementor-widget-form\" data-id=\"a48639d\" data-element_type=\"widget\" data-settings=\"{&quot;step_next_label&quot;:&quot;Next&quot;,&quot;step_previous_label&quot;:&quot;Previous&quot;,&quot;button_width&quot;:&quot;100&quot;,&quot;step_type&quot;:&quot;number_text&quot;,&quot;step_icon_shape&quot;:&quot;circle&quot;}\" data-widget_type=\"form.default\">\n\t\t\t\t<div class=\"elementor-widget-container\">\n\t\t\t\t\t\t\t<form class=\"elementor-form\" method=\"post\" name=\"New Form\">\n\t\t\t<input type=\"hidden\" name=\"post_id\" value=\"366\"\/>\n\t\t\t<input type=\"hidden\" name=\"form_id\" value=\"a48639d\"\/>\n\t\t\t<input type=\"hidden\" name=\"referer_title\" value=\"\" \/>\n\n\t\t\t\n\t\t\t<div class=\"elementor-form-fields-wrapper elementor-labels-above\">\n\t\t\t\t\t\t\t\t<div class=\"elementor-field-type-text elementor-field-group elementor-column elementor-field-group-field_7be850e elementor-col-100\">\n\t\t\t\t\t\t\t\t\t\t\t\t<label for=\"form-field-field_7be850e\" class=\"elementor-field-label\">\n\t\t\t\t\t\t\t\tNome\t\t\t\t\t\t\t<\/label>\n\t\t\t\t\t\t\t\t\t\t\t\t\t\t<input size=\"1\" type=\"text\" name=\"form_fields[field_7be850e]\" id=\"form-field-field_7be850e\" class=\"elementor-field elementor-size-sm  elementor-field-textual\" placeholder=\"Nome\">\n\t\t\t\t\t\t\t\t\t\t\t<\/div>\n\t\t\t\t\t\t\t\t<div class=\"elementor-field-type-email elementor-field-group elementor-column elementor-field-group-email elementor-col-100 elementor-field-required\">\n\t\t\t\t\t\t\t\t\t\t\t\t<label for=\"form-field-email\" class=\"elementor-field-label\">\n\t\t\t\t\t\t\t\tEmail\t\t\t\t\t\t\t<\/label>\n\t\t\t\t\t\t\t\t\t\t\t\t\t\t<input size=\"1\" type=\"email\" name=\"form_fields[email]\" id=\"form-field-email\" class=\"elementor-field elementor-size-sm  elementor-field-textual\" placeholder=\"Email\" required=\"required\" aria-required=\"true\">\n\t\t\t\t\t\t\t\t\t\t\t<\/div>\n\t\t\t\t\t\t\t\t<div class=\"elementor-field-type-textarea elementor-field-group elementor-column elementor-field-group-message elementor-col-100\">\n\t\t\t\t\t\t\t\t\t\t\t\t<label for=\"form-field-message\" class=\"elementor-field-label\">\n\t\t\t\t\t\t\t\tMensagem\t\t\t\t\t\t\t<\/label>\n\t\t\t\t\t\t<textarea class=\"elementor-field-textual elementor-field  elementor-size-sm\" name=\"form_fields[message]\" id=\"form-field-message\" rows=\"4\" placeholder=\"Mensagem\"><\/textarea>\t\t\t\t<\/div>\n\t\t\t\t\t\t\t\t<div class=\"elementor-field-group elementor-column elementor-field-type-submit elementor-col-100 e-form__buttons\">\n\t\t\t\t\t<button type=\"submit\" class=\"elementor-button elementor-size-sm\">\n\t\t\t\t\t\t<span >\n\t\t\t\t\t\t\t\t\t\t\t\t\t\t\t<span class=\" elementor-button-icon\">\n\t\t\t\t\t\t\t\t\t\t\t\t\t\t\t\t\t\t\t\t\t\t\t\t\t\t<\/span>\n\t\t\t\t\t\t\t\t\t\t\t\t\t\t\t\t\t\t\t\t\t\t<span class=\"elementor-button-text\">Enviar<\/span>\n\t\t\t\t\t\t\t\t\t\t\t\t\t<\/span>\n\t\t\t\t\t<\/button>\n\t\t\t\t<\/div>\n\t\t\t<\/div>\n\t\t<\/form>\n\t\t\t\t\t\t<\/div>\n\t\t\t\t<\/div>\n\t\t\t\t<\/div>\n\t\t\t\t\t<\/div>\n\t\t\t\t<\/div>\n\t\t\t\t<\/div>\n\t\t","protected":false},"excerpt":{"rendered":"<p>Redmi Note 15 Pro 512GB 8GB 5G Descri\u00e7\u00e3o T\u00e9cnica: Redmi Note 15 Pr\u00f3 5G 512GB de armazenamentoMemoria RAM: 8GB Verificar [&hellip;]<\/p>\n","protected":false},"author":1,"featured_media":0,"parent":0,"menu_order":0,"comment_status":"closed","ping_status":"closed","template":"","meta":{"site-sidebar-layout":"no-sidebar","site-content-layout":"","ast-site-content-layout":"full-width-container","site-content-style":"default","site-sidebar-style":"default","ast-global-header-display":"","ast-banner-title-visibility":"","ast-main-header-display":"","ast-hfb-above-header-display":"","ast-hfb-below-header-display":"","ast-hfb-mobile-header-display":"","site-post-title":"disabled","ast-breadcrumbs-content":"","ast-featured-img":"disabled","footer-sml-layout":"","theme-transparent-header-meta":"","adv-header-id-meta":"","stick-header-meta":"","header-above-stick-meta":"","header-main-stick-meta":"","header-below-stick-meta":"","astra-migrate-meta-layouts":"default","ast-page-background-enabled":"default","ast-page-background-meta":{"desktop":{"background-color":"var(--ast-global-color-5)","background-image":"","background-repeat":"repeat","background-position":"center center","background-size":"auto","background-attachment":"scroll","background-type":"","background-media":"","overlay-type":"","overlay-color":"","overlay-opacity":"","overlay-gradient":""},"tablet":{"background-color":"","background-image":"","background-repeat":"repeat","background-position":"center center","background-size":"auto","background-attachment":"scroll","background-type":"","background-media":"","overlay-type":"","overlay-color":"","overlay-opacity":"","overlay-gradient":""},"mobile":{"background-color":"","background-image":"","background-repeat":"repeat","background-position":"center center","background-size":"auto","background-attachment":"scroll","background-type":"","background-media":"","overlay-type":"","overlay-color":"","overlay-opacity":"","overlay-gradient":""}},"ast-content-background-meta":{"desktop":{"background-color":"var(--ast-global-color-4)","background-image":"","background-repeat":"repeat","background-position":"center center","background-size":"auto","background-attachment":"scroll","background-type":"","background-media":"","overlay-type":"","overlay-color":"","overlay-opacity":"","overlay-gradient":""},"tablet":{"background-color":"var(--ast-global-color-4)","background-image":"","background-repeat":"repeat","background-position":"center center","background-size":"auto","background-attachment":"scroll","background-type":"","background-media":"","overlay-type":"","overlay-color":"","overlay-opacity":"","overlay-gradient":""},"mobile":{"background-color":"var(--ast-global-color-4)","background-image":"","background-repeat":"repeat","background-position":"center center","background-size":"auto","background-attachment":"scroll","background-type":"","background-media":"","overlay-type":"","overlay-color":"","overlay-opacity":"","overlay-gradient":""}},"_joinchat":[],"footnotes":""},"class_list":["post-366","page","type-page","status-publish","hentry"],"_links":{"self":[{"href":"https:\/\/akieletronicos.com.br\/home\/wp-json\/wp\/v2\/pages\/366","targetHints":{"allow":["GET"]}}],"collection":[{"href":"https:\/\/akieletronicos.com.br\/home\/wp-json\/wp\/v2\/pages"}],"about":[{"href":"https:\/\/akieletronicos.com.br\/home\/wp-json\/wp\/v2\/types\/page"}],"author":[{"embeddable":true,"href":"https:\/\/akieletronicos.com.br\/home\/wp-json\/wp\/v2\/users\/1"}],"replies":[{"embeddable":true,"href":"https:\/\/akieletronicos.com.br\/home\/wp-json\/wp\/v2\/comments?post=366"}],"version-history":[{"count":14,"href":"https:\/\/akieletronicos.com.br\/home\/wp-json\/wp\/v2\/pages\/366\/revisions"}],"predecessor-version":[{"id":824,"href":"https:\/\/akieletronicos.com.br\/home\/wp-json\/wp\/v2\/pages\/366\/revisions\/824"}],"wp:attachment":[{"href":"https:\/\/akieletronicos.com.br\/home\/wp-json\/wp\/v2\/media?parent=366"}],"curies":[{"name":"wp","href":"https:\/\/api.w.org\/{rel}","templated":true}]}}