{"id":303,"date":"2025-05-20T14:47:00","date_gmt":"2025-05-20T17:47:00","guid":{"rendered":"https:\/\/akieletronicos.com.br\/home\/?page_id=303"},"modified":"2025-05-20T15:04:36","modified_gmt":"2025-05-20T18:04:36","slug":"haylou-watch-2","status":"publish","type":"page","link":"https:\/\/akieletronicos.com.br\/home\/haylou-watch-2\/","title":{"rendered":"Haylou Watch 2"},"content":{"rendered":"\t\t<div data-elementor-type=\"wp-page\" data-elementor-id=\"303\" class=\"elementor elementor-303\">\n\t\t\t\t<div class=\"elementor-element elementor-element-3160ca0 e-flex e-con-boxed e-con e-parent\" data-id=\"3160ca0\" data-element_type=\"container\">\n\t\t\t\t\t<div class=\"e-con-inner\">\n\t\t\t\t\t<\/div>\n\t\t\t\t<\/div>\n\t\t<div class=\"elementor-element elementor-element-4c4d627 e-flex e-con-boxed e-con e-parent\" data-id=\"4c4d627\" data-element_type=\"container\">\n\t\t\t\t\t<div class=\"e-con-inner\">\n\t\t\t\t<div class=\"elementor-element elementor-element-221351d elementor-widget elementor-widget-image\" data-id=\"221351d\" data-element_type=\"widget\" data-widget_type=\"image.default\">\n\t\t\t\t\t\t\t\t\t\t\t\t\t\t\t<img fetchpriority=\"high\" decoding=\"async\" width=\"260\" height=\"300\" src=\"https:\/\/akieletronicos.com.br\/wp-content\/uploads\/2025\/04\/WhatsApp-Image-2025-04-01-at-16.32.43-260x300.jpeg\" class=\"attachment-medium size-medium wp-image-160\" alt=\"Relogio Haylou Watch 2 Pr\u00f3\" srcset=\"https:\/\/akieletronicos.com.br\/wp-content\/uploads\/2025\/04\/WhatsApp-Image-2025-04-01-at-16.32.43-260x300.jpeg 260w, https:\/\/akieletronicos.com.br\/wp-content\/uploads\/2025\/04\/WhatsApp-Image-2025-04-01-at-16.32.43.jpeg 433w\" sizes=\"(max-width: 260px) 100vw, 260px\" \/>\t\t\t\t\t\t\t\t\t\t\t\t\t\t\t<\/div>\n\t\t\t\t<div class=\"elementor-element elementor-element-93320f2 elementor-widget__width-initial elementor-widget elementor-widget-text-editor\" data-id=\"93320f2\" data-element_type=\"widget\" data-widget_type=\"text-editor.default\">\n\t\t\t\t\t\t\t\t\t<h3>Descri\u00e7\u00e3o T\u00e9cnica\u00a0\u00a0<\/h3><div>Marca: MPOWER<\/div><div>Modelo: Haylou Watch 2<\/div><div>Refer\u00eancia: MYE73BE\/A<\/div><div>C\u00f3d.: B0CB9BVT5Y<\/div><div>Cor: Preto<\/div><div>Mem\u00f3ria Interna:\u00a0128GB<\/div><div>Sistema Operacional:\u00a0\u00a0A18<\/div>\t\t\t\t\t\t\t\t<\/div>\n\t\t\t\t\t<\/div>\n\t\t\t\t<\/div>\n\t\t<div class=\"elementor-element elementor-element-a9efcd0 e-flex e-con-boxed e-con e-parent\" data-id=\"a9efcd0\" data-element_type=\"container\">\n\t\t\t\t\t<div class=\"e-con-inner\">\n\t\t\t\t<div class=\"elementor-element elementor-element-5e4ae60 elementor-widget elementor-widget-text-editor\" data-id=\"5e4ae60\" data-element_type=\"widget\" data-widget_type=\"text-editor.default\">\n\t\t\t\t\t\t\t\t\t<h3 class=\"\" data-start=\"110\" data-end=\"143\"><span style=\"color: #000000;\">Smartwatch Haylou Watch 2 Pro<\/span><\/h3><p class=\"\" data-start=\"145\" data-end=\"286\">O <strong data-start=\"147\" data-end=\"169\">Haylou Watch 2 Pro<\/strong> \u00e9 um smartwatch vers\u00e1til e elegante, ideal para quem busca monitoramento de sa\u00fade e desempenho esportivo com estilo.<\/p><h4 class=\"\" data-start=\"288\" data-end=\"320\"><span style=\"color: #000000;\">Principais Caracter\u00edsticas:<\/span><\/h4><ul data-start=\"322\" data-end=\"1143\"><li class=\"\" data-start=\"322\" data-end=\"416\"><p class=\"\" data-start=\"324\" data-end=\"416\"><strong data-start=\"324\" data-end=\"348\">Tela TFT de 1,85&#8243; HD<\/strong>: Oferece visualiza\u00e7\u00e3o clara e n\u00edtida de informa\u00e7\u00f5es e notifica\u00e7\u00f5es.<\/p><\/li><li class=\"\" data-start=\"418\" data-end=\"581\"><p class=\"\" data-start=\"420\" data-end=\"581\"><strong data-start=\"420\" data-end=\"446\">Monitoramento de Sa\u00fade<\/strong>: Inclui sensores para frequ\u00eancia card\u00edaca, SpO\u2082 (oxigena\u00e7\u00e3o do sangue), monitoramento do sono, estresse e lembretes de sa\u00fade feminina.<\/p><\/li><li class=\"\" data-start=\"583\" data-end=\"700\"><p class=\"\" data-start=\"585\" data-end=\"700\"><strong data-start=\"585\" data-end=\"608\">100 Modos de Treino<\/strong>: Abrange diversas atividades f\u00edsicas, com sensores de alta precis\u00e3o para registro de dados.<\/p><\/li><li class=\"\" data-start=\"702\" data-end=\"789\"><p class=\"\" data-start=\"704\" data-end=\"789\"><span style=\"color: #000000;\"><strong data-start=\"704\" data-end=\"732\">Bateria de Longa Dura\u00e7\u00e3o<\/strong>:<\/span> At\u00e9 10 dias de uso di\u00e1rio e at\u00e9 20 dias em modo b\u00e1sico.<\/p><\/li><li class=\"\" data-start=\"791\" data-end=\"897\"><p class=\"\" data-start=\"793\" data-end=\"897\"><span style=\"color: #000000;\"><strong data-start=\"793\" data-end=\"831\">Resist\u00eancia \u00e0 \u00c1gua e Poeira (IP68)<\/strong>:<\/span> Adequado para uso em diversas condi\u00e7\u00f5es clim\u00e1ticas e atividades.<\/p><\/li><li class=\"\" data-start=\"899\" data-end=\"1034\"><p class=\"\" data-start=\"901\" data-end=\"1034\"><span style=\"color: #000000;\"><strong data-start=\"901\" data-end=\"932\">Conectividade Bluetooth 5.3<\/strong>:<\/span> Permite controle de m\u00fasica, c\u00e2mera e notifica\u00e7\u00f5es inteligentes quando sincronizado com o smartphone.<\/p><\/li><li class=\"\" data-start=\"1036\" data-end=\"1143\"><p class=\"\" data-start=\"1038\" data-end=\"1143\"><span style=\"color: #000000;\"><strong data-start=\"1038\" data-end=\"1060\">Design Sofisticado<\/strong>:<\/span> Moldura met\u00e1lica leve com acabamento fosco, <\/p><\/li><\/ul><p class=\"\" data-start=\"1145\" data-end=\"1303\">Compat\u00edvel com dispositivos Android 6.0+ e iOS 9.0+, o Haylou Watch 2 Pro \u00e9 uma excelente op\u00e7\u00e3o para quem deseja um smartwatch funcional, moderno e acess\u00edvel.<\/p>\t\t\t\t\t\t\t\t<\/div>\n\t\t\t\t\t<\/div>\n\t\t\t\t<\/div>\n\t\t<div class=\"elementor-element elementor-element-a805501 e-flex e-con-boxed e-con e-parent\" data-id=\"a805501\" data-element_type=\"container\">\n\t\t\t\t\t<div class=\"e-con-inner\">\n\t\t\t\t<div class=\"elementor-element elementor-element-28b1dcc elementor-button-align-stretch elementor-widget elementor-widget-form\" data-id=\"28b1dcc\" data-element_type=\"widget\" data-settings=\"{&quot;step_next_label&quot;:&quot;Next&quot;,&quot;step_previous_label&quot;:&quot;Previous&quot;,&quot;button_width&quot;:&quot;100&quot;,&quot;step_type&quot;:&quot;number_text&quot;,&quot;step_icon_shape&quot;:&quot;circle&quot;}\" data-widget_type=\"form.default\">\n\t\t\t\t<div class=\"elementor-widget-container\">\n\t\t\t\t\t\t\t<form class=\"elementor-form\" method=\"post\" name=\"New Form\">\n\t\t\t<input type=\"hidden\" name=\"post_id\" value=\"303\"\/>\n\t\t\t<input type=\"hidden\" name=\"form_id\" value=\"28b1dcc\"\/>\n\t\t\t<input type=\"hidden\" name=\"referer_title\" value=\"\" \/>\n\n\t\t\t\n\t\t\t<div class=\"elementor-form-fields-wrapper elementor-labels-above\">\n\t\t\t\t\t\t\t\t<div class=\"elementor-field-type-text elementor-field-group elementor-column elementor-field-group-field_7be850e elementor-col-100\">\n\t\t\t\t\t\t\t\t\t\t\t\t<label for=\"form-field-field_7be850e\" class=\"elementor-field-label\">\n\t\t\t\t\t\t\t\tNome\t\t\t\t\t\t\t<\/label>\n\t\t\t\t\t\t\t\t\t\t\t\t\t\t<input size=\"1\" type=\"text\" name=\"form_fields[field_7be850e]\" id=\"form-field-field_7be850e\" class=\"elementor-field elementor-size-sm  elementor-field-textual\" placeholder=\"Nome\">\n\t\t\t\t\t\t\t\t\t\t\t<\/div>\n\t\t\t\t\t\t\t\t<div class=\"elementor-field-type-email elementor-field-group elementor-column elementor-field-group-email elementor-col-100 elementor-field-required\">\n\t\t\t\t\t\t\t\t\t\t\t\t<label for=\"form-field-email\" class=\"elementor-field-label\">\n\t\t\t\t\t\t\t\tEmail\t\t\t\t\t\t\t<\/label>\n\t\t\t\t\t\t\t\t\t\t\t\t\t\t<input size=\"1\" type=\"email\" name=\"form_fields[email]\" id=\"form-field-email\" class=\"elementor-field elementor-size-sm  elementor-field-textual\" placeholder=\"Email\" required=\"required\" aria-required=\"true\">\n\t\t\t\t\t\t\t\t\t\t\t<\/div>\n\t\t\t\t\t\t\t\t<div class=\"elementor-field-type-textarea elementor-field-group elementor-column elementor-field-group-message elementor-col-100\">\n\t\t\t\t\t\t\t\t\t\t\t\t<label for=\"form-field-message\" class=\"elementor-field-label\">\n\t\t\t\t\t\t\t\tMensagem\t\t\t\t\t\t\t<\/label>\n\t\t\t\t\t\t<textarea class=\"elementor-field-textual elementor-field  elementor-size-sm\" name=\"form_fields[message]\" id=\"form-field-message\" rows=\"4\" placeholder=\"Mensagem\"><\/textarea>\t\t\t\t<\/div>\n\t\t\t\t\t\t\t\t<div class=\"elementor-field-group elementor-column elementor-field-type-submit elementor-col-100 e-form__buttons\">\n\t\t\t\t\t<button type=\"submit\" class=\"elementor-button elementor-size-sm\">\n\t\t\t\t\t\t<span >\n\t\t\t\t\t\t\t\t\t\t\t\t\t\t\t<span class=\" elementor-button-icon\">\n\t\t\t\t\t\t\t\t\t\t\t\t\t\t\t\t\t\t\t\t\t\t\t\t\t\t<\/span>\n\t\t\t\t\t\t\t\t\t\t\t\t\t\t\t\t\t\t\t\t\t\t<span class=\"elementor-button-text\">Enviar<\/span>\n\t\t\t\t\t\t\t\t\t\t\t\t\t<\/span>\n\t\t\t\t\t<\/button>\n\t\t\t\t<\/div>\n\t\t\t<\/div>\n\t\t<\/form>\n\t\t\t\t\t\t<\/div>\n\t\t\t\t<\/div>\n\t\t\t\t\t<\/div>\n\t\t\t\t<\/div>\n\t\t\t\t<\/div>\n\t\t","protected":false},"excerpt":{"rendered":"<p>Descri\u00e7\u00e3o T\u00e9cnica\u00a0\u00a0 Marca: MPOWERModelo: Haylou Watch 2Refer\u00eancia: MYE73BE\/AC\u00f3d.: B0CB9BVT5YCor: PretoMem\u00f3ria Interna:\u00a0128GBSistema Operacional:\u00a0\u00a0A18 Smartwatch Haylou Watch 2 Pro O Haylou Watch [&hellip;]<\/p>\n","protected":false},"author":1,"featured_media":0,"parent":0,"menu_order":0,"comment_status":"closed","ping_status":"closed","template":"","meta":{"site-sidebar-layout":"no-sidebar","site-content-layout":"","ast-site-content-layout":"full-width-container","site-content-style":"default","site-sidebar-style":"default","ast-global-header-display":"","ast-banner-title-visibility":"","ast-main-header-display":"","ast-hfb-above-header-display":"","ast-hfb-below-header-display":"","ast-hfb-mobile-header-display":"","site-post-title":"disabled","ast-breadcrumbs-content":"","ast-featured-img":"disabled","footer-sml-layout":"","theme-transparent-header-meta":"","adv-header-id-meta":"","stick-header-meta":"","header-above-stick-meta":"","header-main-stick-meta":"","header-below-stick-meta":"","astra-migrate-meta-layouts":"default","ast-page-background-enabled":"default","ast-page-background-meta":{"desktop":{"background-color":"var(--ast-global-color-5)","background-image":"","background-repeat":"repeat","background-position":"center center","background-size":"auto","background-attachment":"scroll","background-type":"","background-media":"","overlay-type":"","overlay-color":"","overlay-opacity":"","overlay-gradient":""},"tablet":{"background-color":"","background-image":"","background-repeat":"repeat","background-position":"center center","background-size":"auto","background-attachment":"scroll","background-type":"","background-media":"","overlay-type":"","overlay-color":"","overlay-opacity":"","overlay-gradient":""},"mobile":{"background-color":"","background-image":"","background-repeat":"repeat","background-position":"center center","background-size":"auto","background-attachment":"scroll","background-type":"","background-media":"","overlay-type":"","overlay-color":"","overlay-opacity":"","overlay-gradient":""}},"ast-content-background-meta":{"desktop":{"background-color":"var(--ast-global-color-4)","background-image":"","background-repeat":"repeat","background-position":"center center","background-size":"auto","background-attachment":"scroll","background-type":"","background-media":"","overlay-type":"","overlay-color":"","overlay-opacity":"","overlay-gradient":""},"tablet":{"background-color":"var(--ast-global-color-4)","background-image":"","background-repeat":"repeat","background-position":"center center","background-size":"auto","background-attachment":"scroll","background-type":"","background-media":"","overlay-type":"","overlay-color":"","overlay-opacity":"","overlay-gradient":""},"mobile":{"background-color":"var(--ast-global-color-4)","background-image":"","background-repeat":"repeat","background-position":"center center","background-size":"auto","background-attachment":"scroll","background-type":"","background-media":"","overlay-type":"","overlay-color":"","overlay-opacity":"","overlay-gradient":""}},"_joinchat":[],"footnotes":""},"class_list":["post-303","page","type-page","status-publish","hentry"],"_links":{"self":[{"href":"https:\/\/akieletronicos.com.br\/home\/wp-json\/wp\/v2\/pages\/303","targetHints":{"allow":["GET"]}}],"collection":[{"href":"https:\/\/akieletronicos.com.br\/home\/wp-json\/wp\/v2\/pages"}],"about":[{"href":"https:\/\/akieletronicos.com.br\/home\/wp-json\/wp\/v2\/types\/page"}],"author":[{"embeddable":true,"href":"https:\/\/akieletronicos.com.br\/home\/wp-json\/wp\/v2\/users\/1"}],"replies":[{"embeddable":true,"href":"https:\/\/akieletronicos.com.br\/home\/wp-json\/wp\/v2\/comments?post=303"}],"version-history":[{"count":7,"href":"https:\/\/akieletronicos.com.br\/home\/wp-json\/wp\/v2\/pages\/303\/revisions"}],"predecessor-version":[{"id":317,"href":"https:\/\/akieletronicos.com.br\/home\/wp-json\/wp\/v2\/pages\/303\/revisions\/317"}],"wp:attachment":[{"href":"https:\/\/akieletronicos.com.br\/home\/wp-json\/wp\/v2\/media?parent=303"}],"curies":[{"name":"wp","href":"https:\/\/api.w.org\/{rel}","templated":true}]}}