{"id":21,"date":"2025-03-18T19:53:37","date_gmt":"2025-03-18T22:53:37","guid":{"rendered":"https:\/\/akieletronicos.com.br\/?page_id=21"},"modified":"2025-09-23T17:10:06","modified_gmt":"2025-09-23T20:10:06","slug":"quem-somos","status":"publish","type":"page","link":"http:\/\/akieletronicos.com.br\/home\/quem-somos\/","title":{"rendered":"Quem Somos"},"content":{"rendered":"\t\t<div data-elementor-type=\"wp-page\" data-elementor-id=\"21\" class=\"elementor elementor-21\">\n\t\t\t\t<div class=\"elementor-element elementor-element-5f37f8e e-flex e-con-boxed e-con e-parent\" data-id=\"5f37f8e\" data-element_type=\"container\">\n\t\t\t\t\t<div class=\"e-con-inner\">\n\t\t<div class=\"elementor-element elementor-element-c96e79b e-con-full e-flex e-con e-child\" data-id=\"c96e79b\" data-element_type=\"container\">\n\t\t<div class=\"elementor-element elementor-element-37ecbd8 e-con-full e-flex e-con e-child\" data-id=\"37ecbd8\" data-element_type=\"container\">\n\t\t\t\t<div class=\"elementor-element elementor-element-eb6080d elementor-widget elementor-widget-text-editor\" data-id=\"eb6080d\" data-element_type=\"widget\" data-widget_type=\"text-editor.default\">\n\t\t\t\t\t\t\t\t\t<p data-start=\"99\" data-end=\"324\"><span style=\"color: #000000;\">Somos especialistas em assist\u00eancia t\u00e9cnica de celulares e inform\u00e1tica, oferecendo servi\u00e7os \u00e1geis, confi\u00e1veis e de alta qualidade. Trabalhamos com diversas marcas, incluindo Xiaomi, iPhone, JBL, Samsung e muitas outras.<\/span><\/p><p data-start=\"326\" data-end=\"491\"><span style=\"color: #000000;\">Al\u00e9m disso, prestamos servi\u00e7os de inform\u00e1tica, como formata\u00e7\u00e3o, reparo de hardware e otimiza\u00e7\u00e3o de sistemas, garantindo solu\u00e7\u00f5es eficientes para seus dispositivos.<\/span><\/p><p data-start=\"493\" data-end=\"600\"><span style=\"color: #000000;\">Conte com nossa experi\u00eancia e compromisso para manter seus equipamentos sempre em perfeito funcionamento!<\/span><\/p>\t\t\t\t\t\t\t\t<\/div>\n\t\t\t\t<\/div>\n\t\t\t\t<div class=\"elementor-element elementor-element-1a04d12 elementor-widget elementor-widget-image\" data-id=\"1a04d12\" data-element_type=\"widget\" data-widget_type=\"image.default\">\n\t\t\t\t\t\t\t\t\t\t\t\t\t\t\t<img fetchpriority=\"high\" decoding=\"async\" width=\"1545\" height=\"600\" src=\"https:\/\/akieletronicos.com.br\/wp-content\/uploads\/2025\/03\/imagem-1.png\" class=\"attachment-2048x2048 size-2048x2048 wp-image-10\" alt=\"imagem akieletr\u00f4nicos\" srcset=\"https:\/\/akieletronicos.com.br\/wp-content\/uploads\/2025\/03\/imagem-1.png 1545w, https:\/\/akieletronicos.com.br\/wp-content\/uploads\/2025\/03\/imagem-1-300x117.png 300w, https:\/\/akieletronicos.com.br\/wp-content\/uploads\/2025\/03\/imagem-1-1024x398.png 1024w, https:\/\/akieletronicos.com.br\/wp-content\/uploads\/2025\/03\/imagem-1-768x298.png 768w, https:\/\/akieletronicos.com.br\/wp-content\/uploads\/2025\/03\/imagem-1-1536x597.png 1536w\" sizes=\"(max-width: 1545px) 100vw, 1545px\" \/>\t\t\t\t\t\t\t\t\t\t\t\t\t\t\t<\/div>\n\t\t\t\t<\/div>\n\t\t\t\t\t<\/div>\n\t\t\t\t<\/div>\n\t\t<div class=\"elementor-element elementor-element-3ff4139 e-con-full e-flex e-con e-parent\" data-id=\"3ff4139\" data-element_type=\"container\" data-settings=\"{&quot;background_background&quot;:&quot;classic&quot;}\">\n\t\t\t\t<div class=\"elementor-element elementor-element-4c8b8a1 elementor-widget__width-initial elementor-widget elementor-widget-image\" data-id=\"4c8b8a1\" data-element_type=\"widget\" data-widget_type=\"image.default\">\n\t\t\t\t\t\t\t\t\t\t\t\t\t\t\t<img decoding=\"async\" width=\"768\" height=\"1024\" src=\"https:\/\/akieletronicos.com.br\/wp-content\/uploads\/2025\/04\/loja2-768x1024.jpeg\" class=\"attachment-medium_large size-medium_large wp-image-99\" alt=\"Loja\" srcset=\"https:\/\/akieletronicos.com.br\/wp-content\/uploads\/2025\/04\/loja2-768x1024.jpeg 768w, https:\/\/akieletronicos.com.br\/wp-content\/uploads\/2025\/04\/loja2-225x300.jpeg 225w, https:\/\/akieletronicos.com.br\/wp-content\/uploads\/2025\/04\/loja2-1152x1536.jpeg 1152w, https:\/\/akieletronicos.com.br\/wp-content\/uploads\/2025\/04\/loja2-1536x2048.jpeg 1536w, https:\/\/akieletronicos.com.br\/wp-content\/uploads\/2025\/04\/loja2-scaled.jpeg 1920w\" sizes=\"(max-width: 768px) 100vw, 768px\" \/>\t\t\t\t\t\t\t\t\t\t\t\t\t\t\t<\/div>\n\t\t\t\t<div class=\"elementor-element elementor-element-06b31b4 elementor-widget__width-initial elementor-widget elementor-widget-image\" data-id=\"06b31b4\" data-element_type=\"widget\" data-widget_type=\"image.default\">\n\t\t\t\t\t\t\t\t\t\t\t\t\t\t\t<img decoding=\"async\" width=\"768\" height=\"1024\" src=\"https:\/\/akieletronicos.com.br\/wp-content\/uploads\/2025\/04\/loja1-768x1024.jpeg\" class=\"attachment-medium_large size-medium_large wp-image-98\" alt=\"Interior da Loja\" srcset=\"https:\/\/akieletronicos.com.br\/wp-content\/uploads\/2025\/04\/loja1-768x1024.jpeg 768w, https:\/\/akieletronicos.com.br\/wp-content\/uploads\/2025\/04\/loja1-225x300.jpeg 225w, https:\/\/akieletronicos.com.br\/wp-content\/uploads\/2025\/04\/loja1-1152x1536.jpeg 1152w, https:\/\/akieletronicos.com.br\/wp-content\/uploads\/2025\/04\/loja1-1536x2048.jpeg 1536w, https:\/\/akieletronicos.com.br\/wp-content\/uploads\/2025\/04\/loja1-scaled.jpeg 1920w\" sizes=\"(max-width: 768px) 100vw, 768px\" \/>\t\t\t\t\t\t\t\t\t\t\t\t\t\t\t<\/div>\n\t\t\t\t<div class=\"elementor-element elementor-element-91a5c51 elementor-widget__width-initial elementor-widget elementor-widget-image\" data-id=\"91a5c51\" data-element_type=\"widget\" data-widget_type=\"image.default\">\n\t\t\t\t\t\t\t\t\t\t\t\t\t\t\t<img loading=\"lazy\" decoding=\"async\" width=\"768\" height=\"1024\" src=\"https:\/\/akieletronicos.com.br\/wp-content\/uploads\/2025\/04\/WhatsApp-Image-2025-04-08-at-14.07.44-768x1024.jpeg\" class=\"attachment-large size-large wp-image-175\" alt=\"aki frente\" srcset=\"https:\/\/akieletronicos.com.br\/wp-content\/uploads\/2025\/04\/WhatsApp-Image-2025-04-08-at-14.07.44-768x1024.jpeg 768w, https:\/\/akieletronicos.com.br\/wp-content\/uploads\/2025\/04\/WhatsApp-Image-2025-04-08-at-14.07.44-225x300.jpeg 225w, https:\/\/akieletronicos.com.br\/wp-content\/uploads\/2025\/04\/WhatsApp-Image-2025-04-08-at-14.07.44-1152x1536.jpeg 1152w, https:\/\/akieletronicos.com.br\/wp-content\/uploads\/2025\/04\/WhatsApp-Image-2025-04-08-at-14.07.44-1536x2048.jpeg 1536w, https:\/\/akieletronicos.com.br\/wp-content\/uploads\/2025\/04\/WhatsApp-Image-2025-04-08-at-14.07.44-scaled.jpeg 1920w\" sizes=\"(max-width: 768px) 100vw, 768px\" \/>\t\t\t\t\t\t\t\t\t\t\t\t\t\t\t<\/div>\n\t\t\t\t<\/div>\n\t\t\t\t<\/div>\n\t\t","protected":false},"excerpt":{"rendered":"<p>Somos especialistas em assist\u00eancia t\u00e9cnica de celulares e inform\u00e1tica, oferecendo servi\u00e7os \u00e1geis, confi\u00e1veis e de alta qualidade. Trabalhamos com diversas [&hellip;]<\/p>\n","protected":false},"author":1,"featured_media":0,"parent":0,"menu_order":0,"comment_status":"closed","ping_status":"closed","template":"","meta":{"site-sidebar-layout":"no-sidebar","site-content-layout":"","ast-site-content-layout":"full-width-container","site-content-style":"default","site-sidebar-style":"default","ast-global-header-display":"","ast-banner-title-visibility":"","ast-main-header-display":"","ast-hfb-above-header-display":"","ast-hfb-below-header-display":"","ast-hfb-mobile-header-display":"","site-post-title":"disabled","ast-breadcrumbs-content":"","ast-featured-img":"disabled","footer-sml-layout":"","theme-transparent-header-meta":"","adv-header-id-meta":"","stick-header-meta":"","header-above-stick-meta":"","header-main-stick-meta":"","header-below-stick-meta":"","astra-migrate-meta-layouts":"default","ast-page-background-enabled":"default","ast-page-background-meta":{"desktop":{"background-color":"var(--ast-global-color-5)","background-image":"","background-repeat":"repeat","background-position":"center center","background-size":"auto","background-attachment":"scroll","background-type":"","background-media":"","overlay-type":"","overlay-color":"","overlay-opacity":"","overlay-gradient":""},"tablet":{"background-color":"","background-image":"","background-repeat":"repeat","background-position":"center center","background-size":"auto","background-attachment":"scroll","background-type":"","background-media":"","overlay-type":"","overlay-color":"","overlay-opacity":"","overlay-gradient":""},"mobile":{"background-color":"","background-image":"","background-repeat":"repeat","background-position":"center center","background-size":"auto","background-attachment":"scroll","background-type":"","background-media":"","overlay-type":"","overlay-color":"","overlay-opacity":"","overlay-gradient":""}},"ast-content-background-meta":{"desktop":{"background-color":"var(--ast-global-color-4)","background-image":"","background-repeat":"repeat","background-position":"center center","background-size":"auto","background-attachment":"scroll","background-type":"","background-media":"","overlay-type":"","overlay-color":"","overlay-opacity":"","overlay-gradient":""},"tablet":{"background-color":"var(--ast-global-color-4)","background-image":"","background-repeat":"repeat","background-position":"center center","background-size":"auto","background-attachment":"scroll","background-type":"","background-media":"","overlay-type":"","overlay-color":"","overlay-opacity":"","overlay-gradient":""},"mobile":{"background-color":"var(--ast-global-color-4)","background-image":"","background-repeat":"repeat","background-position":"center center","background-size":"auto","background-attachment":"scroll","background-type":"","background-media":"","overlay-type":"","overlay-color":"","overlay-opacity":"","overlay-gradient":""}},"_joinchat":[],"footnotes":""},"class_list":["post-21","page","type-page","status-publish","hentry"],"_links":{"self":[{"href":"http:\/\/akieletronicos.com.br\/home\/wp-json\/wp\/v2\/pages\/21","targetHints":{"allow":["GET"]}}],"collection":[{"href":"http:\/\/akieletronicos.com.br\/home\/wp-json\/wp\/v2\/pages"}],"about":[{"href":"http:\/\/akieletronicos.com.br\/home\/wp-json\/wp\/v2\/types\/page"}],"author":[{"embeddable":true,"href":"http:\/\/akieletronicos.com.br\/home\/wp-json\/wp\/v2\/users\/1"}],"replies":[{"embeddable":true,"href":"http:\/\/akieletronicos.com.br\/home\/wp-json\/wp\/v2\/comments?post=21"}],"version-history":[{"count":22,"href":"http:\/\/akieletronicos.com.br\/home\/wp-json\/wp\/v2\/pages\/21\/revisions"}],"predecessor-version":[{"id":717,"href":"http:\/\/akieletronicos.com.br\/home\/wp-json\/wp\/v2\/pages\/21\/revisions\/717"}],"wp:attachment":[{"href":"http:\/\/akieletronicos.com.br\/home\/wp-json\/wp\/v2\/media?parent=21"}],"curies":[{"name":"wp","href":"https:\/\/api.w.org\/{rel}","templated":true}]}}